{"id":348,"date":"2024-11-11T16:28:15","date_gmt":"2024-11-11T15:28:15","guid":{"rendered":"https:\/\/cecileangeli.com\/?post_type=product&#038;p=348"},"modified":"2024-11-11T16:29:49","modified_gmt":"2024-11-11T15:29:49","slug":"les-halles-de-toulon-3","status":"publish","type":"product","link":"https:\/\/cecileangeli.com\/index.php\/product\/les-halles-de-toulon-3\/","title":{"rendered":"Les Halles de Toulon 3"},"content":{"rendered":"","protected":false},"excerpt":{"rendered":"<div dir=\"auto\"><strong><span style=\"font-size: 130%;\">Vue depuis l&#8217;incontournable Caf\u00e9 Pop !<br \/>\nD\u00e9cid\u00e9ment, il y a un air de f\u00eate par ici !!<br \/>\n<\/span><\/strong><\/div>\n<div dir=\"auto\"><\/div>\n<div dir=\"auto\"><\/div>\n<div dir=\"auto\">\n<hr \/>\n<\/div>\n<p>&nbsp;<\/p>\n<p><span style=\"font-size: 100%;\"><!--more--><\/span><\/p>\n<p><span style=\"font-size: 100%;\">Les \u00e9ditions limit\u00e9es sont une reproduction haute qualit\u00e9 de mes dessins originaux r\u00e9alis\u00e9s \u00e0 l\u2019encre noire et \u00e0 l\u2019aquarelle.<\/span><\/p>\n<ul>\n<li><span style=\"font-size: 100%;\">Illustration sur papier Fine Art 280g pur coton \u2013 fine texture.<\/span><\/li>\n<li><span style=\"font-size: 100%;\">Impression num\u00e9rique \u00e0 base d\u2019encres pigmentaires. Les couleurs denses et vives sont reproduites avec pr\u00e9cision.<\/span><\/li>\n<li><span style=\"font-size: 100%;\"><strong>Chaque illustration est num\u00e9rot\u00e9e sur 50 exemplaires et sign\u00e9e \u00e0 la main.<\/strong><\/span><\/li>\n<\/ul>\n<p><span style=\"font-size: 100%;\"><strong>Format\u00a0:<\/strong> 30 x 42 cm<\/span><\/p>\n<hr \/>\n<p><span style=\"font-size: 100%;\"><strong>Informations de livraison<\/strong><\/span><\/p>\n<ul>\n<li><span style=\"font-size: 100%;\">L&#8217;aquarelle est gliss\u00e9e dans une pochette cristal, et prot\u00e9g\u00e9e par un dos rigide<br \/>\n<\/span><\/li>\n<li><span style=\"font-size: 100%;\">La livraison peut se faire en main propre \u00e0 Toulon ou par Colissimo en France avec assurance et contre signature<\/span><\/li>\n<li><span style=\"font-size: 100%;\">Les d\u00e9lais de livraison sont g\u00e9n\u00e9ralement de 7 jours, et d\u00e9pendent de la r\u00e9activit\u00e9 de la Poste<\/span><\/li>\n<li><span style=\"font-size: 100%;\">Pour toute question concernant la livraison, vous pouvez me contacter au 06 27 42 43 34. Je ferai mon possible pour r\u00e9pondre \u00e0 vos demandes sp\u00e9cifiques<\/span><\/li>\n<li><span style=\"font-size: 100%;\">Pour les envois \u00e0 l&#8217;international, merci de me contacter avant votre achat pour que les frais d&#8217;exp\u00e9dition soient calcul\u00e9s au plus juste. Les droits de douane et autres frais suppl\u00e9mentaires restent \u00e0 la charge de l&#8217;acheteur.<\/span><\/li>\n<\/ul>\n","protected":false},"featured_media":349,"template":"","meta":{"om_disable_all_campaigns":false,"_monsterinsights_skip_tracking":false,"_monsterinsights_sitenote_active":false,"_monsterinsights_sitenote_note":"","_monsterinsights_sitenote_category":0},"product_brand":[],"product_cat":[24],"product_tag":[28,27,26],"class_list":{"0":"post-348","1":"product","2":"type-product","3":"status-publish","4":"has-post-thumbnail","6":"product_cat-editions","7":"product_tag-halles","8":"product_tag-insta","9":"product_tag-toulon","11":"first","12":"instock","13":"featured","14":"shipping-taxable","15":"purchasable","16":"product-type-simple"},"aioseo_notices":[],"jetpack_sharing_enabled":true,"_links":{"self":[{"href":"https:\/\/cecileangeli.com\/index.php\/wp-json\/wp\/v2\/product\/348","targetHints":{"allow":["GET"]}}],"collection":[{"href":"https:\/\/cecileangeli.com\/index.php\/wp-json\/wp\/v2\/product"}],"about":[{"href":"https:\/\/cecileangeli.com\/index.php\/wp-json\/wp\/v2\/types\/product"}],"wp:featuredmedia":[{"embeddable":true,"href":"https:\/\/cecileangeli.com\/index.php\/wp-json\/wp\/v2\/media\/349"}],"wp:attachment":[{"href":"https:\/\/cecileangeli.com\/index.php\/wp-json\/wp\/v2\/media?parent=348"}],"wp:term":[{"taxonomy":"product_brand","embeddable":true,"href":"https:\/\/cecileangeli.com\/index.php\/wp-json\/wp\/v2\/product_brand?post=348"},{"taxonomy":"product_cat","embeddable":true,"href":"https:\/\/cecileangeli.com\/index.php\/wp-json\/wp\/v2\/product_cat?post=348"},{"taxonomy":"product_tag","embeddable":true,"href":"https:\/\/cecileangeli.com\/index.php\/wp-json\/wp\/v2\/product_tag?post=348"}],"curies":[{"name":"wp","href":"https:\/\/api.w.org\/{rel}","templated":true}]}}