{"id":287,"date":"2024-02-10T17:31:11","date_gmt":"2024-02-10T16:31:11","guid":{"rendered":"https:\/\/cecileangeli.com\/?post_type=product&#038;p=287"},"modified":"2024-02-10T17:32:30","modified_gmt":"2024-02-10T16:32:30","slug":"apprendre-a-lacher-prise","status":"publish","type":"product","link":"https:\/\/cecileangeli.com\/index.php\/product\/apprendre-a-lacher-prise\/","title":{"rendered":"Apprendre \u00e0 l\u00e2cher prise"},"content":{"rendered":"","protected":false},"excerpt":{"rendered":"<p><span style=\"font-size: 130%; color: #ed1c24;\">Exemplaire d\u00e9j\u00e0 vendu !<\/span><\/p>\n<p><span style=\"font-size: 130%;\">J&#8217;ai r\u00e9alis\u00e9 cette aquarelle \u00e0 la main, sur papier lisse multi-technique 250g\/m2, dimensions : 21 x 29,7 cm<\/span><\/p>\n<p><span style=\"font-size: 130%;\">A partir d&#8217;une esquisse r\u00e9alis\u00e9e au crayon, je dessine \u00e0 l&#8217;encre noire les contours et les d\u00e9tails, puis j&#8217;utilise ma magnifique palette d&#8217;aquarelle Sennelier pour la mise en couleurs. Je termine bien s\u00fbr par signer le dessin (tampon et signature manuscrite).<\/span><\/p>\n<p><span style=\"font-size: 130%;\"><strong>Cet exemplaire est le dessin original, il est unique : je n&#8217;en ferai aucune reproduction.<\/strong><\/span><\/p>\n<p><span style=\"font-size: 130%;\"><em>Toute reproduction, modification, diffusion est interdite. \u00a9ANGEL&#8217;ART<br \/>\n<\/em><\/span><\/p>\n<hr \/>\n<p><span style=\"font-size: 130%;\"><strong>Informations de livraison<\/strong><\/span><\/p>\n<ul>\n<li><span style=\"font-size: 130%;\">L&#8217;aquarelle est gliss\u00e9e dans une pochette cristal, et prot\u00e9g\u00e9e par un dos rigide<br \/>\n<\/span><\/li>\n<li><span style=\"font-size: 130%;\">La livraison peut se faire en main propre \u00e0 Toulon ou par Colissimo en France avec assurance et contre signature<\/span><\/li>\n<li><span style=\"font-size: 130%;\">Les d\u00e9lais de livraison sont g\u00e9n\u00e9ralement de 7 jours, et d\u00e9pendent de la r\u00e9activit\u00e9 de la Poste<\/span><\/li>\n<li><span style=\"font-size: 130%;\">Pour toute question concernant la livraison, vous pouvez me contacter au 06 27 42 43 34. Je ferai mon possible pour r\u00e9pondre \u00e0 vos demandes sp\u00e9cifiques<\/span><\/li>\n<li><span style=\"font-size: 130%;\">Pour les envois \u00e0 l&#8217;international, merci de me contacter avant votre achat pour que les frais d&#8217;exp\u00e9dition soient calcul\u00e9s au plus juste. Les droits de douane et autres frais suppl\u00e9mentaires restent \u00e0 la charge de l&#8217;acheteur.<\/span><\/li>\n<\/ul>\n","protected":false},"featured_media":288,"template":"","meta":{"om_disable_all_campaigns":false,"_monsterinsights_skip_tracking":false,"_monsterinsights_sitenote_active":false,"_monsterinsights_sitenote_note":"","_monsterinsights_sitenote_category":0},"product_brand":[],"product_cat":[22],"product_tag":[],"class_list":{"0":"post-287","1":"product","2":"type-product","3":"status-publish","4":"has-post-thumbnail","6":"product_cat-originaux","8":"first","9":"outofstock","10":"featured","11":"shipping-taxable","12":"purchasable","13":"product-type-simple"},"aioseo_notices":[],"jetpack_sharing_enabled":true,"_links":{"self":[{"href":"https:\/\/cecileangeli.com\/index.php\/wp-json\/wp\/v2\/product\/287","targetHints":{"allow":["GET"]}}],"collection":[{"href":"https:\/\/cecileangeli.com\/index.php\/wp-json\/wp\/v2\/product"}],"about":[{"href":"https:\/\/cecileangeli.com\/index.php\/wp-json\/wp\/v2\/types\/product"}],"wp:featuredmedia":[{"embeddable":true,"href":"https:\/\/cecileangeli.com\/index.php\/wp-json\/wp\/v2\/media\/288"}],"wp:attachment":[{"href":"https:\/\/cecileangeli.com\/index.php\/wp-json\/wp\/v2\/media?parent=287"}],"wp:term":[{"taxonomy":"product_brand","embeddable":true,"href":"https:\/\/cecileangeli.com\/index.php\/wp-json\/wp\/v2\/product_brand?post=287"},{"taxonomy":"product_cat","embeddable":true,"href":"https:\/\/cecileangeli.com\/index.php\/wp-json\/wp\/v2\/product_cat?post=287"},{"taxonomy":"product_tag","embeddable":true,"href":"https:\/\/cecileangeli.com\/index.php\/wp-json\/wp\/v2\/product_tag?post=287"}],"curies":[{"name":"wp","href":"https:\/\/api.w.org\/{rel}","templated":true}]}}