{"id":273,"date":"2024-02-10T16:17:36","date_gmt":"2024-02-10T15:17:36","guid":{"rendered":"https:\/\/cecileangeli.com\/?post_type=product&#038;p=273"},"modified":"2024-02-10T17:21:06","modified_gmt":"2024-02-10T16:21:06","slug":"le-poulpe-du-telepherique","status":"publish","type":"product","link":"https:\/\/cecileangeli.com\/index.php\/product\/le-poulpe-du-telepherique\/","title":{"rendered":"Le poulpe du t\u00e9l\u00e9ph\u00e9rique"},"content":{"rendered":"","protected":false},"excerpt":{"rendered":"<p><span style=\"font-size: 130%;\">Les \u00e9ditions limit\u00e9es sont une reproduction haute qualit\u00e9 de mes dessins originaux r\u00e9alis\u00e9s \u00e0 l\u2019encre noire et \u00e0 l\u2019aquarelle.<\/span><\/p>\n<ul>\n<li><span style=\"font-size: 130%;\">Illustration sur papier Fine Art 280g pur coton \u2013 fine texture.<\/span><\/li>\n<li><span style=\"font-size: 130%;\">Impression num\u00e9rique \u00e0 base d\u2019encres pigmentaires. Les couleurs denses et vives sont reproduites avec pr\u00e9cision.<\/span><\/li>\n<li><span style=\"font-size: 130%;\">Chaque illustration est num\u00e9rot\u00e9e sur 50 exemplaires et sign\u00e9e \u00e0 la main.<\/span><\/li>\n<\/ul>\n<p><span style=\"font-size: 130%;\"><strong>Vente en exclusivit\u00e9 \u00e0 la <a href=\"https:\/\/galerielisa.com\/nos-artistes\/angelart\/\" target=\"_blank\" rel=\"noopener\"><em><span style=\"color: #0000ff;\">Galerie Lisa<\/span><\/em><\/a><\/strong><\/span><\/p>\n<p>&nbsp;<\/p>\n<p><span style=\"font-size: 130%;\"><strong>Format\u00a0:<\/strong> 40 x 40 cm<\/span><\/p>\n<p>&nbsp;<\/p>\n<p><span style=\"font-size: 130%;\"><em>Toute reproduction, modification, diffusion est interdite.<\/em><\/span><\/p>\n<p><span style=\"font-size: 130%;\"><em>\u00a9ANGEL\u2019ART<\/em><\/span><\/p>\n<p>&nbsp;<\/p>\n<p><span style=\"font-size: 130%;\"><strong>Informations de livraison<\/strong><\/span><\/p>\n<ul>\n<li><span style=\"font-size: 130%;\">L\u2019aquarelle est gliss\u00e9e dans une pochette cristal et prot\u00e9g\u00e9e par un dos rigide.<\/span><\/li>\n<li><span style=\"font-size: 130%;\">La livraison peut se faire en main propre \u00e0 Toulon ou en France par Colissimo (avec assurance et contre-signature).<\/span><\/li>\n<li><span style=\"font-size: 130%;\">Les d\u00e9lais de livraison sont g\u00e9n\u00e9ralement de 7 jours, ils d\u00e9pendent de la r\u00e9activit\u00e9 de la Poste.<\/span><\/li>\n<li><span style=\"font-size: 130%;\">Pour toute question concernant la livraison, vous pouvez me contacter au 06 27 42 43 34. Je ferai mon possible pour r\u00e9pondre \u00e0 vos demandes sp\u00e9cifiques.<\/span><\/li>\n<li><span style=\"font-size: 130%;\">Pour les envois \u00e0 l\u2019international, merci de me contacter avant votre achat pour que les frais de livraison soient calcul\u00e9s au plus juste. Les droits de douane et autres frais suppl\u00e9mentaires restent \u00e0 la charge de l\u2019acheteur.<\/span><\/li>\n<\/ul>\n","protected":false},"featured_media":274,"template":"","meta":{"om_disable_all_campaigns":false,"_monsterinsights_skip_tracking":false,"_monsterinsights_sitenote_active":false,"_monsterinsights_sitenote_note":"","_monsterinsights_sitenote_category":0},"product_brand":[],"product_cat":[25],"product_tag":[],"class_list":{"0":"post-273","1":"product","2":"type-product","3":"status-publish","4":"has-post-thumbnail","6":"product_cat-les-poissons","8":"first","9":"onbackorder","10":"featured","11":"shipping-taxable","12":"product-type-simple"},"aioseo_notices":[],"jetpack_sharing_enabled":true,"_links":{"self":[{"href":"https:\/\/cecileangeli.com\/index.php\/wp-json\/wp\/v2\/product\/273","targetHints":{"allow":["GET"]}}],"collection":[{"href":"https:\/\/cecileangeli.com\/index.php\/wp-json\/wp\/v2\/product"}],"about":[{"href":"https:\/\/cecileangeli.com\/index.php\/wp-json\/wp\/v2\/types\/product"}],"wp:featuredmedia":[{"embeddable":true,"href":"https:\/\/cecileangeli.com\/index.php\/wp-json\/wp\/v2\/media\/274"}],"wp:attachment":[{"href":"https:\/\/cecileangeli.com\/index.php\/wp-json\/wp\/v2\/media?parent=273"}],"wp:term":[{"taxonomy":"product_brand","embeddable":true,"href":"https:\/\/cecileangeli.com\/index.php\/wp-json\/wp\/v2\/product_brand?post=273"},{"taxonomy":"product_cat","embeddable":true,"href":"https:\/\/cecileangeli.com\/index.php\/wp-json\/wp\/v2\/product_cat?post=273"},{"taxonomy":"product_tag","embeddable":true,"href":"https:\/\/cecileangeli.com\/index.php\/wp-json\/wp\/v2\/product_tag?post=273"}],"curies":[{"name":"wp","href":"https:\/\/api.w.org\/{rel}","templated":true}]}}