{"id":192,"date":"2024-01-30T21:41:58","date_gmt":"2024-01-30T20:41:58","guid":{"rendered":"https:\/\/cecileangeli.com\/?post_type=product&#038;p=192"},"modified":"2024-11-11T17:10:46","modified_gmt":"2024-11-11T16:10:46","slug":"aimer-a-nouveau-le-centre-ancien","status":"publish","type":"product","link":"https:\/\/cecileangeli.com\/index.php\/product\/aimer-a-nouveau-le-centre-ancien\/","title":{"rendered":"Aimer \u00e0 nouveau le centre ancien"},"content":{"rendered":"","protected":false},"excerpt":{"rendered":"<p>Aquarelle originale, r\u00e9alis\u00e9e par ANGEL&#8217;ART sur papier lisse multi-technique 250g\/m2, dimensions : 21 x 29,7 cm<\/p>\n<p><em>Toute reproduction, modification, utilisation est interdite<\/em><\/p>\n<hr \/>\n<p><strong>Information de livraison<\/strong><\/p>\n<ul>\n<li>L&#8217;aquarelle sera prot\u00e9g\u00e9e par un blister transparent et une enveloppe cartonn\u00e9e,<\/li>\n<li>Elle sera envoy\u00e9e en colis suivi avec une assurance,<\/li>\n<li>Pour les envois \u00e0 l&#8217;international, les droits de douane et autres frais suppl\u00e9mentaires sont \u00e0 la charge de l&#8217;acheteur.<\/li>\n<\/ul>\n","protected":false},"featured_media":193,"template":"","meta":{"om_disable_all_campaigns":false,"_monsterinsights_skip_tracking":false,"_monsterinsights_sitenote_active":false,"_monsterinsights_sitenote_note":"","_monsterinsights_sitenote_category":0},"product_brand":[],"product_cat":[22],"product_tag":[],"class_list":{"0":"post-192","1":"product","2":"type-product","3":"status-publish","4":"has-post-thumbnail","6":"product_cat-originaux","8":"first","9":"instock","10":"shipping-taxable","11":"purchasable","12":"product-type-simple"},"aioseo_notices":[],"jetpack_sharing_enabled":true,"_links":{"self":[{"href":"https:\/\/cecileangeli.com\/index.php\/wp-json\/wp\/v2\/product\/192","targetHints":{"allow":["GET"]}}],"collection":[{"href":"https:\/\/cecileangeli.com\/index.php\/wp-json\/wp\/v2\/product"}],"about":[{"href":"https:\/\/cecileangeli.com\/index.php\/wp-json\/wp\/v2\/types\/product"}],"wp:featuredmedia":[{"embeddable":true,"href":"https:\/\/cecileangeli.com\/index.php\/wp-json\/wp\/v2\/media\/193"}],"wp:attachment":[{"href":"https:\/\/cecileangeli.com\/index.php\/wp-json\/wp\/v2\/media?parent=192"}],"wp:term":[{"taxonomy":"product_brand","embeddable":true,"href":"https:\/\/cecileangeli.com\/index.php\/wp-json\/wp\/v2\/product_brand?post=192"},{"taxonomy":"product_cat","embeddable":true,"href":"https:\/\/cecileangeli.com\/index.php\/wp-json\/wp\/v2\/product_cat?post=192"},{"taxonomy":"product_tag","embeddable":true,"href":"https:\/\/cecileangeli.com\/index.php\/wp-json\/wp\/v2\/product_tag?post=192"}],"curies":[{"name":"wp","href":"https:\/\/api.w.org\/{rel}","templated":true}]}}