{"id":29,"date":"2024-01-27T16:59:03","date_gmt":"2024-01-27T15:59:03","guid":{"rendered":"https:\/\/cecileangeli.com\/?page_id=29"},"modified":"2024-11-11T17:40:38","modified_gmt":"2024-11-11T16:40:38","slug":"bio","status":"publish","type":"page","link":"https:\/\/cecileangeli.com\/index.php\/page-d-exemple\/bio\/","title":{"rendered":"Bio"},"content":{"rendered":"\n\n\t<section class=\"section\" id=\"section_223148018\">\n\t\t<div class=\"section-bg fill\" >\n\t\t\t\t\t\t\t\t\t\n\t\t\t\n\n\t\t<\/div>\n\n\t\t\n\n\t\t<div class=\"section-content relative\">\n\t\t\t\n\n\t<div id=\"gap-452526078\" class=\"gap-element clearfix\" style=\"display:block; height:auto;\">\n\t\t\n<style>\n#gap-452526078 {\n  padding-top: 30px;\n}\n<\/style>\n\t<\/div>\n\t\n\n<div class=\"row align-middle\"  id=\"row-485889219\">\n\n\n\t<div id=\"col-821232729\" class=\"col medium-12 small-12 large-6\"  >\n\t\t\t\t<div class=\"col-inner\"  >\n\t\t\t\n\t\t\t\n\n\n  <div class=\"banner has-hover\" id=\"banner-484817940\">\n          <div class=\"banner-inner fill\">\n        <div class=\"banner-bg fill\" >\n            <img loading=\"lazy\" decoding=\"async\" width=\"1020\" height=\"1020\" src=\"https:\/\/cecileangeli.com\/wp-content\/uploads\/2024\/11\/ANGELI-Photo-ID-1024x1024.jpg\" class=\"bg attachment-large size-large\" alt=\"\" \/>                                    \n                    <\/div>\n\t\t\n        <div class=\"banner-layers container\">\n            <div class=\"fill banner-link\"><\/div>            \n\n   <div id=\"text-box-1795355926\" class=\"text-box banner-layer x50 md-x50 lg-x50 y50 md-y50 lg-y50 res-text\">\n                                <div class=\"text-box-content text dark\">\n              \n              <div class=\"text-inner text-center\">\n                  \n\n\n              <\/div>\n           <\/div>\n                            \n<style>\n#text-box-1795355926 {\n  width: 60%;\n}\n#text-box-1795355926 .text-box-content {\n  font-size: 100%;\n}\n<\/style>\n    <\/div>\n \n\n        <\/div>\n      <\/div>\n\n            \n<style>\n#banner-484817940 {\n  padding-top: 99.99%;\n  background-color: rgb(255, 255, 255);\n}\n#banner-484817940 .banner-bg img {\n  object-position: 35% 56%;\n}\n@media (min-width:550px) {\n  #banner-484817940 {\n    padding-top: 75%;\n  }\n}\n@media (min-width:850px) {\n  #banner-484817940 {\n    padding-top: 99.99%;\n  }\n}\n<\/style>\n  <\/div>\n\n\n\n\t\t<\/div>\n\t\t\t\t\t<\/div>\n\n\t\n\n\t<div id=\"col-1051947437\" class=\"col medium-12 small-12 large-6\"  >\n\t\t\t\t<div class=\"col-inner\"  >\n\t\t\t\n\t\t\t\n\n\t<div id=\"gap-451881780\" class=\"gap-element clearfix\" style=\"display:block; height:auto;\">\n\t\t\n<style>\n#gap-451881780 {\n  padding-top: 10px;\n}\n@media (min-width:850px) {\n  #gap-451881780 {\n    padding-top: 30px;\n  }\n}\n<\/style>\n\t<\/div>\n\t\n\n\t<div id=\"text-1665938013\" class=\"text\">\n\t\t\n\n<h2>C\u00e9cile Angeli<\/h2>\n\t\t\n<style>\n#text-1665938013 {\n  font-size: 1.5rem;\n}\n<\/style>\n\t<\/div>\n\t\n<a class=\"button primary is-link\" style=\"padding:0 0px 0px 0px;\">\n\t\t<span>Learn more<\/span>\n\t<i class=\"icon-angle-right\" aria-hidden=\"true\"><\/i><\/a>\n\n\n<p><span style=\"font-size: 120%;\">Architecte DPLG, enseignante en \u00abRepr\u00e9sentation Cod\u00e9e\u00bb et \u00abRepr\u00e9sentation-Perspective\u00bb \u00e0 l\u2019\u00e9cole Camondo M\u00e9diterran\u00e9e depuis 2023.<\/span><br \/><span style=\"font-size: 120%;\">Dipl\u00f4m\u00e9e de l\u2019Ecole d\u2019Architecture de Paris Belleville, C\u00e9cile est une architecte aux multiples facettes.<\/span><br \/><span style=\"font-size: 120%;\">Depuis 2010, elle exerce son m\u00e9tier d\u2019architecte pour la Ville de Toulon, l\u2019occasion pour elle de participer \u00e0 la dynamique locale et de concevoir au quotidien des projets pour les Toulonnais. Ainsi, elle participe \u00e0 des projets tr\u00e8s vari\u00e9s, \u00e0 l\u2019\u00e9chelle urbaine d\u2019abord avec la R\u00e9novation Urbaine du Centre Ancien, puis, \u00e0 l\u2019\u00e9chelle des b\u00e2timents, avec par exemple des r\u00e9novations de cr\u00e8ches, d\u2019\u00e9coles ou d\u2019\u00e9quipements sportifs \u2026 La notion de service public est au c\u0153ur de sa conception ; rechercher le bon \u00e9quilibre entre une r\u00e9glementation contraignante, la meilleure qualit\u00e9 (int\u00e9gration, p\u00e9rennit\u00e9, innovation) et la ma\u00eetrise des co\u00fbts et des d\u00e9lais.<\/span><br \/><span style=\"font-size: 120%;\">En parall\u00e8le, C\u00e9cile pratique quotidiennement le croquis urbain, sorte de soupape artistique \u00e0 une vie professionnelle tr\u00e8s cadr\u00e9e. Elle remplit ses carnets de croquis \u00e0 la mani\u00e8re d\u2019un journal illustr\u00e9. Pour elle, le temps du dessin est une mani\u00e8re de prendre de la hauteur, de s\u2019interroger sur ce qu\u2019elle voit, de rechercher \u00ab le beau \u00bb dans son quotidien. C\u00e9cile partage et commente ses dessins sur instagram @angel.art.83<\/span><br \/><span style=\"font-size: 120%;\">Instagram lui a apport\u00e9 une belle visibilit\u00e9, l\u2019opportunit\u00e9 de monter deux expositions<\/span><br \/><span style=\"font-size: 120%;\">@cafepop.toulon et d\u2019exposer dans la Rue des Arts @rue_des_arts_toulon \u00e0 la Galerie Lisa @galerie_lisa<\/span><\/p>\n\n\t\t<\/div>\n\t\t\t\t\n<style>\n#col-1051947437 > .col-inner {\n  padding: 0px 0px 0px 0;\n}\n@media (min-width:850px) {\n  #col-1051947437 > .col-inner {\n    padding: 0px 0px 0px 10%;\n  }\n}\n<\/style>\n\t<\/div>\n\n\t\n\n<\/div>\n\n\t\t<\/div>\n\n\t\t\n<style>\n#section_223148018 {\n  padding-top: 40px;\n  padding-bottom: 40px;\n}\n@media (min-width:850px) {\n  #section_223148018 {\n    padding-top: 70px;\n    padding-bottom: 70px;\n  }\n}\n<\/style>\n\t<\/section>\n\t\n\n","protected":false},"excerpt":{"rendered":"","protected":false},"author":1,"featured_media":0,"parent":2,"menu_order":0,"comment_status":"closed","ping_status":"closed","template":"page-header-on-scroll.php","meta":{"om_disable_all_campaigns":false,"_monsterinsights_skip_tracking":false,"_monsterinsights_sitenote_active":false,"_monsterinsights_sitenote_note":"","_monsterinsights_sitenote_category":0,"footnotes":""},"class_list":["post-29","page","type-page","status-publish","hentry"],"aioseo_notices":[],"jetpack_sharing_enabled":true,"_links":{"self":[{"href":"https:\/\/cecileangeli.com\/index.php\/wp-json\/wp\/v2\/pages\/29","targetHints":{"allow":["GET"]}}],"collection":[{"href":"https:\/\/cecileangeli.com\/index.php\/wp-json\/wp\/v2\/pages"}],"about":[{"href":"https:\/\/cecileangeli.com\/index.php\/wp-json\/wp\/v2\/types\/page"}],"author":[{"embeddable":true,"href":"https:\/\/cecileangeli.com\/index.php\/wp-json\/wp\/v2\/users\/1"}],"replies":[{"embeddable":true,"href":"https:\/\/cecileangeli.com\/index.php\/wp-json\/wp\/v2\/comments?post=29"}],"version-history":[{"count":8,"href":"https:\/\/cecileangeli.com\/index.php\/wp-json\/wp\/v2\/pages\/29\/revisions"}],"predecessor-version":[{"id":387,"href":"https:\/\/cecileangeli.com\/index.php\/wp-json\/wp\/v2\/pages\/29\/revisions\/387"}],"up":[{"embeddable":true,"href":"https:\/\/cecileangeli.com\/index.php\/wp-json\/wp\/v2\/pages\/2"}],"wp:attachment":[{"href":"https:\/\/cecileangeli.com\/index.php\/wp-json\/wp\/v2\/media?parent=29"}],"curies":[{"name":"wp","href":"https:\/\/api.w.org\/{rel}","templated":true}]}}